{"id":111,"date":"2023-10-13T12:11:27","date_gmt":"2023-10-13T12:11:27","guid":{"rendered":"https:\/\/vechta.itkorn.com\/?page_id=111"},"modified":"2023-10-20T16:31:39","modified_gmt":"2023-10-20T16:31:39","slug":"impressum-kontakt","status":"publish","type":"page","link":"https:\/\/www.zahnheilkunde-vechta.de\/index.php\/impressum-kontakt\/","title":{"rendered":"Impressum \/ Kontakt"},"content":{"rendered":"\n<div id=\"wp_osm_1\" class=\"wp_osm\" style=\"width: 100%; height: 500px\" data-lon=\"6933250\" data-lat=\"921247\" data-zoom=\"14\">\r\n\t<div class=\"ol-popup\">\r\n\t    <a href=\"#\" class=\"ol-popup-closer\"><\/a>\r\n\t    <div class=\"popup-content\"><\/div>\r\n\t<\/div>\r\n\t<\/div>\n\n\n\n<p>Inhalte und Bilder der Internetpr\u00e4senz der Zahnheilkunde Vechta sind urheberrechtlich gesch\u00fctzt. Die durch die Seitenbetreiber erstellten Inhalte und Werke auf diesen Seiten unterliegen dem deutschen Urheberrecht. Die Vervielf\u00e4ltigung, Bearbeitung, Verbreitung und jede Art der Verwertung au\u00dferhalb der Grenzen des Urheberrechtes bed\u00fcrfen der schriftlichen Zustimmung des jeweiligen Autors bzw. Erstellers. Soweit die Inhalte auf dieser Seite nicht vom Betreiber erstellt wurden, werden die Urheberrechte Dritter beachtet. Insbesondere werden Inhalte Dritter als solche gekennzeichnet. Sollten Sie trotzdem auf eine Urheberrechtsverletzung aufmerksam werden, bitten wir um einen entsprechenden Hinweis. Bei Bekanntwerden von Rechtsverletzungen werden wir derartige Inhalte umgehend entfernen.<\/p>\n\n\n\n<p>Zahnheilkunde Vechta<br>Lars Bramstedt<br>Falkenrotter Str. 28<br>49377 Vechta<br>Telefon:  +49 (0)4441-5662<br>E-Mail:&nbsp;mail(at)zahnheilkunde-vechta.de<br>Internet:&nbsp;www.zahnheilkunde-vechta.de<\/p>\n\n\n\n<p>Zust\u00e4ndige Kammer: Zahn\u00e4rztekammer Niedersachsen, K\u00f6rperschaft des \u00f6ffentlichen Rechtes, Zei\u00dfstr. 11, 30519 Hannover;&nbsp;<a href=\"http:\/\/www.zkn.de\/\">www.zkn.de<\/a><\/p>\n\n\n\n<p>Zust\u00e4ndige kassenzahn\u00e4rztliche Vereinigung: Kassenzahn\u00e4rztliche Vereinigung Niedersachsen, Zei\u00dfstr. 11, 30519 Hannover;&nbsp;<a href=\"http:\/\/www.kzvn.de\/\">www.kzvn.de<\/a><\/p>\n\n\n\n<p>Berufsbezeichnung: Zahnarzt (verliehen in der Bundesrepublik Deutschland)<\/p>\n\n\n\n<p>Rechtliche Grundlagen der Berufsaus\u00fcbung:<br>&#8211; Gesetz \u00fcber die Aus\u00fcbung der Zahnheilkunde,<br>&#8211; Kammergesetz f\u00fcr die Heilberufe,<br>&#8211; Berufsordnung der Zahn\u00e4rztekammer Niedersachsen,<br>&#8211; Geb\u00fchrenordnung f\u00fc Zahn\u00e4rzte.<br><\/p>\n\n\n\n<p>Haftungshinweis: Trotz sorgf\u00e4ltiger inhaltlicher Kontrolle \u00fcbernehmen wir keine Haftung f\u00fcr die Inhalte externer Links. F\u00fcr den Inhalt der verlinkten Seiten sind ausschlie\u00dflich deren Betreiber verantwortlich.<\/p>\n","protected":false},"excerpt":{"rendered":"<p>Inhalte und Bilder der Internetpr\u00e4senz der Zahnheilkunde Vechta sind urheberrechtlich gesch\u00fctzt. Die durch die Seitenbetreiber erstellten Inhalte und Werke auf diesen Seiten unterliegen dem deutschen Urheberrecht. Die Vervielf\u00e4ltigung, Bearbeitung, Verbreitung und jede Art der Verwertung au\u00dferhalb der Grenzen des Urheberrechtes bed\u00fcrfen der schriftlichen Zustimmung des jeweiligen Autors bzw. Erstellers. Soweit die Inhalte auf dieser Seite nicht vom Betreiber erstellt wurden, werden die Urheberrechte Dritter beachtet. Insbesondere werden Inhalte Dritter als solche gekennzeichnet. Sollten Sie trotzdem auf eine Urheberrechtsverletzung aufmerksam werden, bitten wir um einen entsprechenden Hinweis. Bei Bekanntwerden von Rechtsverletzungen werden wir derartige Inhalte umgehend entfernen. Zahnheilkunde VechtaLars BramstedtFalkenrotter Str. 2849377 VechtaTelefon: +49 (0)4441-5662E-Mail:&nbsp;mail(at)zahnheilkunde-vechta.deInternet:&nbsp;www.zahnheilkunde-vechta.de Zust\u00e4ndige Kammer: Zahn\u00e4rztekammer Niedersachsen, K\u00f6rperschaft des \u00f6ffentlichen Rechtes, Zei\u00dfstr. 11, 30519 Hannover;&nbsp;www.zkn.de Zust\u00e4ndige kassenzahn\u00e4rztliche Vereinigung: Kassenzahn\u00e4rztliche Vereinigung Niedersachsen, Zei\u00dfstr. 11, 30519 Hannover;&nbsp;www.kzvn.de Berufsbezeichnung: Zahnarzt (verliehen in der Bundesrepublik Deutschland) Rechtliche Grundlagen der Berufsaus\u00fcbung:&#8211; Gesetz \u00fcber die Aus\u00fcbung der Zahnheilkunde,&#8211; Kammergesetz f\u00fcr die Heilberufe,&#8211; Berufsordnung der Zahn\u00e4rztekammer Niedersachsen,&#8211; Geb\u00fchrenordnung f\u00fc Zahn\u00e4rzte. Haftungshinweis: Trotz sorgf\u00e4ltiger inhaltlicher Kontrolle \u00fcbernehmen wir keine Haftung f\u00fcr die Inhalte externer Links. F\u00fcr den Inhalt der verlinkten Seiten sind ausschlie\u00dflich deren Betreiber verantwortlich.<\/p>\n","protected":false},"author":1,"featured_media":52,"parent":0,"menu_order":0,"comment_status":"closed","ping_status":"closed","template":"","meta":{"footnotes":""},"class_list":["post-111","page","type-page","status-publish","has-post-thumbnail","hentry"],"acf":[],"_links":{"self":[{"href":"https:\/\/www.zahnheilkunde-vechta.de\/index.php\/wp-json\/wp\/v2\/pages\/111","targetHints":{"allow":["GET"]}}],"collection":[{"href":"https:\/\/www.zahnheilkunde-vechta.de\/index.php\/wp-json\/wp\/v2\/pages"}],"about":[{"href":"https:\/\/www.zahnheilkunde-vechta.de\/index.php\/wp-json\/wp\/v2\/types\/page"}],"author":[{"embeddable":true,"href":"https:\/\/www.zahnheilkunde-vechta.de\/index.php\/wp-json\/wp\/v2\/users\/1"}],"replies":[{"embeddable":true,"href":"https:\/\/www.zahnheilkunde-vechta.de\/index.php\/wp-json\/wp\/v2\/comments?post=111"}],"version-history":[{"count":1,"href":"https:\/\/www.zahnheilkunde-vechta.de\/index.php\/wp-json\/wp\/v2\/pages\/111\/revisions"}],"predecessor-version":[{"id":112,"href":"https:\/\/www.zahnheilkunde-vechta.de\/index.php\/wp-json\/wp\/v2\/pages\/111\/revisions\/112"}],"wp:featuredmedia":[{"embeddable":true,"href":"https:\/\/www.zahnheilkunde-vechta.de\/index.php\/wp-json\/wp\/v2\/media\/52"}],"wp:attachment":[{"href":"https:\/\/www.zahnheilkunde-vechta.de\/index.php\/wp-json\/wp\/v2\/media?parent=111"}],"curies":[{"name":"wp","href":"https:\/\/api.w.org\/{rel}","templated":true}]}}