{"id":135,"date":"2023-10-13T13:19:11","date_gmt":"2023-10-13T13:19:11","guid":{"rendered":"https:\/\/vechta.itkorn.com\/?page_id=135"},"modified":"2023-11-15T06:54:42","modified_gmt":"2023-11-15T06:54:42","slug":"blumenwiese","status":"publish","type":"page","link":"https:\/\/www.zahnheilkunde-vechta.de\/index.php\/blumenwiese\/","title":{"rendered":"Blumenwiese"},"content":{"rendered":"\n<p><\/p>\n\n\n\n<p>Unsere Blumenwiese besticht durch ihre artenreichen Wildblumen.<\/p>\n\n\n\n<p>Hier tummeln sich Klatschmohn, Ringelblumen, L\u00f6wenzahn, Lupine, Klee und vieles mehr.<\/p>\n\n\n\n<p>Dieses reichhaltige Angebot dient den Bienen als Nahrung, sodass sie sich an Nektar und Pollen erfreuen, f\u00fcr sich und ihr Bienenvolk.<\/p>\n\n\n\n<p>Denn genau darum geht es uns bei unserem Nachhaltigkeitsprojekt. Das Aussterben der Bienen ist ein gro\u00dfes Problem, mittlerweile sind mehr als die H\u00e4lfte der Wildbienenarten gef\u00e4hrdet. Die Populationen nehmen Jahr f\u00fcr Jahr ab.<\/p>\n\n\n\n<p>Dem wollen wir, mit unserer Blumenwiese, entgegenwirken, indem wir eine bienenfreundliche Umgebung, auf zwei Hektar, geschaffen haben und versuchen eine m\u00f6glichst lange Vegetation sicherzustellen.<\/p>\n\n\n\n\n\n\n<p class=\"has-small-font-size\">Copyright: Bild von Lars Bramstedt<br>Blumenwiese ist ein nicht Kommerzielles Projekt!<\/p>\n","protected":false},"excerpt":{"rendered":"<p>Unsere Blumenwiese besticht durch ihre artenreichen Wildblumen. Hier tummeln sich Klatschmohn, Ringelblumen, L\u00f6wenzahn, Lupine, Klee und vieles mehr. Dieses reichhaltige Angebot dient den Bienen als Nahrung, sodass sie sich an Nektar und Pollen erfreuen, f\u00fcr sich und ihr Bienenvolk. Denn genau darum geht es uns bei unserem Nachhaltigkeitsprojekt. Das Aussterben der Bienen ist ein gro\u00dfes Problem, mittlerweile sind mehr als die H\u00e4lfte der Wildbienenarten gef\u00e4hrdet. Die Populationen nehmen Jahr f\u00fcr Jahr ab. Dem wollen wir, mit unserer Blumenwiese, entgegenwirken, indem wir eine bienenfreundliche Umgebung, auf zwei Hektar, geschaffen haben und versuchen eine m\u00f6glichst lange Vegetation sicherzustellen. Copyright: Bild von Lars BramstedtBlumenwiese ist ein nicht Kommerzielles Projekt!<\/p>\n","protected":false},"author":1,"featured_media":52,"parent":0,"menu_order":0,"comment_status":"closed","ping_status":"closed","template":"","meta":{"footnotes":""},"class_list":["post-135","page","type-page","status-publish","has-post-thumbnail","hentry"],"acf":[],"_links":{"self":[{"href":"https:\/\/www.zahnheilkunde-vechta.de\/index.php\/wp-json\/wp\/v2\/pages\/135","targetHints":{"allow":["GET"]}}],"collection":[{"href":"https:\/\/www.zahnheilkunde-vechta.de\/index.php\/wp-json\/wp\/v2\/pages"}],"about":[{"href":"https:\/\/www.zahnheilkunde-vechta.de\/index.php\/wp-json\/wp\/v2\/types\/page"}],"author":[{"embeddable":true,"href":"https:\/\/www.zahnheilkunde-vechta.de\/index.php\/wp-json\/wp\/v2\/users\/1"}],"replies":[{"embeddable":true,"href":"https:\/\/www.zahnheilkunde-vechta.de\/index.php\/wp-json\/wp\/v2\/comments?post=135"}],"version-history":[{"count":9,"href":"https:\/\/www.zahnheilkunde-vechta.de\/index.php\/wp-json\/wp\/v2\/pages\/135\/revisions"}],"predecessor-version":[{"id":212,"href":"https:\/\/www.zahnheilkunde-vechta.de\/index.php\/wp-json\/wp\/v2\/pages\/135\/revisions\/212"}],"wp:featuredmedia":[{"embeddable":true,"href":"https:\/\/www.zahnheilkunde-vechta.de\/index.php\/wp-json\/wp\/v2\/media\/52"}],"wp:attachment":[{"href":"https:\/\/www.zahnheilkunde-vechta.de\/index.php\/wp-json\/wp\/v2\/media?parent=135"}],"curies":[{"name":"wp","href":"https:\/\/api.w.org\/{rel}","templated":true}]}}